{"id":8846,"date":"2021-05-26T12:22:55","date_gmt":"2021-05-26T10:22:55","guid":{"rendered":"https:\/\/www.scolarisrl.com\/intimite\/"},"modified":"2023-03-20T14:07:45","modified_gmt":"2023-03-20T13:07:45","slug":"intimite","status":"publish","type":"page","link":"https:\/\/www.scolarisrl.com\/fr\/intimite\/","title":{"rendered":"Privacy Policy"},"content":{"rendered":"<p><div class=\"fusion-fullwidth fullwidth-box fusion-builder-row-1 fusion-flex-container nonhundred-percent-fullwidth non-hundred-percent-height-scrolling\" style=\"background-color: rgba(255,255,255,0);background-position: center center;background-repeat: no-repeat;border-width: 0px 0px 0px 0px;border-color:#e2e2e2;border-style:solid;\" ><div class=\"fusion-builder-row fusion-row fusion-flex-align-items-flex-start\" style=\"max-width:1248px;margin-left: calc(-4% \/ 2 );margin-right: calc(-4% \/ 2 );\"><div class=\"fusion-layout-column fusion_builder_column fusion-builder-column-0 fusion_builder_column_1_1 1_1 fusion-flex-column\"><div class=\"fusion-column-wrapper fusion-flex-justify-content-flex-start fusion-content-layout-column\" style=\"background-position:left top;background-repeat:no-repeat;-webkit-background-size:cover;-moz-background-size:cover;-o-background-size:cover;background-size:cover;padding: 0px 0px 0px 0px;\"><style type=\"text\/css\">@media only screen and (max-width:1024px) {.fusion-title.fusion-title-1{margin-top:15px!important; margin-right:0px!important;margin-bottom:15px!important;margin-left:0px!important;}}@media only screen and (max-width:640px) {.fusion-title.fusion-title-1{margin-top:10px!important; margin-right:0px!important;margin-bottom:10px!important; margin-left:0px!important;}}<\/style><div class=\"fusion-title title fusion-title-1 fusion-sep-none fusion-title-text fusion-title-size-one\" style=\"margin-top:15px;margin-right:0px;margin-bottom:15px;margin-left:0px;\"><h1 class=\"title-heading-left\" style=\"margin:0;\">Privacy Policy<\/h1><\/div><\/div><style type=\"text\/css\">.fusion-body .fusion-builder-column-0{width:100% !important;margin-top : 0px;margin-bottom : 10px;}.fusion-builder-column-0 > .fusion-column-wrapper {padding-top : 0px !important;padding-right : 0px !important;margin-right : 1.92%;padding-bottom : 0px !important;padding-left : 0px !important;margin-left : 1.92%;}@media only screen and (max-width:1024px) {.fusion-body .fusion-builder-column-0{width:100% !important;order : 0;}.fusion-builder-column-0 > .fusion-column-wrapper {margin-right : 1.92%;margin-left : 1.92%;}}@media only screen and (max-width:640px) {.fusion-body .fusion-builder-column-0{width:100% !important;order : 0;}.fusion-builder-column-0 > .fusion-column-wrapper {margin-right : 1.92%;margin-left : 1.92%;}}<\/style><\/div><\/div><style type=\"text\/css\">.fusion-body .fusion-flex-container.fusion-builder-row-1{ padding-top : 2%;margin-top : 5%;padding-right : 0px;padding-bottom : 2%;margin-bottom : 5%;padding-left : 0px;}<\/style><\/div><div class=\"fusion-fullwidth fullwidth-box fusion-builder-row-2 fusion-flex-container nonhundred-percent-fullwidth non-hundred-percent-height-scrolling\" style=\"background-color: rgba(255,255,255,0);background-position: center center;background-repeat: no-repeat;border-width: 0px 0px 0px 0px;border-color:#e2e2e2;border-style:solid;\" ><div class=\"fusion-builder-row fusion-row fusion-flex-align-items-flex-start\" style=\"max-width:1248px;margin-left: calc(-4% \/ 2 );margin-right: calc(-4% \/ 2 );\"><div class=\"fusion-layout-column fusion_builder_column fusion-builder-column-1 fusion_builder_column_1_1 1_1 fusion-flex-column\"><div class=\"fusion-column-wrapper fusion-flex-justify-content-flex-start fusion-content-layout-column\" style=\"background-position:left top;background-repeat:no-repeat;-webkit-background-size:cover;-moz-background-size:cover;-o-background-size:cover;background-size:cover;padding: 0px 0px 0px 0px;\"><div class=\"fusion-text fusion-text-1\"><p>Information et demande de consentement au traitement des donn\u00e9es personnelles conform\u00e9ment \u00e0 l&rsquo;art. 6.1A du r\u00e8glement (UE) 2016\/679<br \/>\nConform\u00e9ment aux obligations \u00e9tablies par le r\u00e8glement (UE) 2016\/679 concernant le traitement des donn\u00e9es personnelles en vigueur depuis le 25 mai 2018, nous avons l&rsquo;intention de vous informer que la soci\u00e9t\u00e9 SCOLARI Srl bas\u00e9e \u00e0 Via Romiglia, 2, 25050 Paderno Franciacorta (BS ) (ci-apr\u00e8s la \u00abSoci\u00e9t\u00e9\u00bb) traitera les donn\u00e9es personnelles vous concernant \/ vous et qui y ont \u00e9t\u00e9 ou qui nous viendront de vous \/ vous ou d&rsquo;autres communications. Le traitement des donn\u00e9es personnelles sera effectu\u00e9 dans le respect de la r\u00e9glementation en vigueur et dans les conditions suivantes.<\/p>\n<p><strong>1. Objectif du traitement<\/strong><br \/>\nLe traitement des donn\u00e9es personnelles vise exclusivement \u00e0 atteindre les finalit\u00e9s suivantes:<br \/>\na) pour les conditions pr\u00e9alables \u00e0 la stipulation des contrats de vente, pour leur ex\u00e9cution et pour la protection des positions des cr\u00e9anciers et en d\u00e9coulant;<br \/>\nb) pour remplir tout type d&rsquo;obligation pr\u00e9vue par les lois ou r\u00e8glements en vigueur, notamment en mati\u00e8re fiscale;<br \/>\nc) pour les besoins op\u00e9rationnels, de gestion et comptables;<br \/>\nd) pour l&rsquo;enregistrement des acc\u00e8s au site Web de la Soci\u00e9t\u00e9 et l&rsquo;utilisation des services fournis avec ce site;<br \/>\ne) pour les besoins de suivi de l&rsquo;avancement des relations avec les clients et \/ ou des risques associ\u00e9s et pour am\u00e9liorer ces relations;<br \/>\nf) \u00e0 des fins de marketing commercial, strat\u00e9gique et op\u00e9rationnel.<\/p>\n<p><strong>2. M\u00e9thodes de traitement<\/strong><br \/>\nLe traitement des donn\u00e9es peut consister, en plus de leur collecte, en leur enregistrement, organisation, structuration, conservation, adaptation, modification, extraction, consultation, utilisation, communication par transmission, diffusion ou toute autre forme de mise \u00e0 disposition, de comparaison ou d&rsquo;interconnexion. , limitation, annulation ou destruction et sera effectu\u00e9e \u00e0 la fois avec l&rsquo;utilisation d&rsquo;un support papier et \u00e0 l&rsquo;aide d&rsquo;outils informatiques et t\u00e9l\u00e9matiques \u00e9lectroniques, de mani\u00e8re et avec des outils appropri\u00e9s pour garantir la s\u00e9curit\u00e9 et la confidentialit\u00e9 des donn\u00e9es, dans le respect des dispositions des articles 32 et suivants du r\u00e8glement (UE) 2016\/679, relatif \u00e0 la \u00abs\u00e9curit\u00e9 des donn\u00e9es \u00e0 caract\u00e8re personnel\u00bb.<br \/>\nEn particulier, toutes les mesures de s\u00e9curit\u00e9 techniques, informatiques, organisationnelles, logistiques et proc\u00e9durales adapt\u00e9es au niveau de risque seront adopt\u00e9es en fonction de la nature des donn\u00e9es.<br \/>\nDe plus, les m\u00e9thodologies appliqu\u00e9es garantissent que l&rsquo;acc\u00e8s aux donn\u00e9es n&rsquo;est autoris\u00e9 qu&rsquo;aux personnes en charge du traitement par notre Soci\u00e9t\u00e9.<\/p>\n<p><strong>3. Fourniture de donn\u00e9es<\/strong><br \/>\nLa fourniture de donn\u00e9es est:<br \/>\na) Obligatoire pour la r\u00e9alisation des objectifs li\u00e9s aux obligations \u00e9tablies par les lois ou autres r\u00e8glements contraignants;<br \/>\nb) N\u00e9cessaire \u00e0 l&rsquo;\u00e9tablissement correct et \u00e0 la poursuite de la relation \u00e9tablie avec vous \/ vous.<br \/>\nTout refus de fournir les donn\u00e9es ci-dessus, m\u00eame s&rsquo;il est l\u00e9gitime, pourrait compromettre le d\u00e9veloppement r\u00e9gulier de la relation avec notre Soci\u00e9t\u00e9 et, en particulier, nous emp\u00eacher d&rsquo;ex\u00e9cuter vos \/ vos commandes, ainsi que d&rsquo;effectuer la fourniture de les prestations demand\u00e9es et la facturation associ\u00e9e.<\/p>\n<p><strong>4. Communication et diffusion des donn\u00e9es<\/strong><br \/>\nLa communication externe des donn\u00e9es \u00e0 caract\u00e8re personnel collect\u00e9es aux fins vis\u00e9es au point 1 ne peut avoir lieu que lorsque:<br \/>\na) cette communication est obligatoire pour garantir le respect des obligations requises par la loi ou d&rsquo;autres r\u00e9glementations contraignantes;<br \/>\nb) une telle communication est obligatoire pour assurer l&rsquo;\u00e9tablissement correct ou la poursuite de la relation commerciale avec vous \/ vous.<br \/>\nLes donn\u00e9es personnelles collect\u00e9es pour la r\u00e9alisation des finalit\u00e9s pr\u00e9cit\u00e9es pourront \u00eatre communiqu\u00e9es, dans la mesure de leur comp\u00e9tence sp\u00e9cifique, \u00e0 des sujets publics et priv\u00e9s, des personnes physiques et \/ ou morales et ayant des finalit\u00e9s commerciales et \/ ou de gestion de syst\u00e8mes d&rsquo;information et \/ ou de paiement syst\u00e8mes, y compris les processeurs et sous-processeurs externes qui ex\u00e9cutent des t\u00e2ches sp\u00e9cifiques pour le compte de notre soci\u00e9t\u00e9.<br \/>\nEn particulier, les donn\u00e9es pourront \u00eatre divulgu\u00e9es aux cat\u00e9gories de sujets suivantes: r\u00e9seau commercial, \u00e9tablissements bancaires et entreprises sp\u00e9cialis\u00e9es dans la gestion des paiements, droit et cabinets de conseil, sujets en charge de l&rsquo;audit des \u00e9tats financiers de notre entreprise, autorit\u00e9s publiques ou administrations pour la conformit\u00e9 . par la loi, les fournisseurs italiens et \u00e9trangers, les soci\u00e9t\u00e9s de financement et de transport, les tiers en charge du contr\u00f4le qualit\u00e9 du flux logistique-commercial, ainsi que d&rsquo;autres soci\u00e9t\u00e9s appartenant \u00e0 notre Groupe.<br \/>\nLes donn\u00e9es peuvent \u00e9galement \u00eatre divulgu\u00e9es, mais uniquement sous forme agr\u00e9g\u00e9e, anonyme et \u00e0 des fins statistiques conform\u00e9ment \u00e0 la loi.<\/p>\n<p><strong>5. Transfert de donn\u00e9es \u00e0 l&rsquo;\u00e9tranger<\/strong><br \/>\nDans les limites strictement n\u00e9cessaires \u00e0 l&rsquo;ex\u00e9cution de la relation contractuelle avec vous en cours, vos donn\u00e9es personnelles peuvent \u00eatre divulgu\u00e9es \u00e0 des tiers (tels que des fournisseurs) situ\u00e9s \u00e0 l&rsquo;\u00e9tranger, \u00e0 l&rsquo;int\u00e9rieur ou \u00e0 l&rsquo;ext\u00e9rieur de l&rsquo;Union europ\u00e9enne, toujours dans le respect des r\u00e8gles contenues \u00e0 l&rsquo;art. 44 \u00e0 50 du r\u00e8glement (UE) 2016\/679.<\/p>\n<p><strong>6. Droits de l&rsquo;int\u00e9ress\u00e9<\/strong><br \/>\nConform\u00e9ment aux articles 12 et 15 \u00e0 22 du r\u00e8glement (UE) 2016\/679, vous \/ vous avez le droit de demander, avec les exigences et dans les limites du r\u00e8glement pr\u00e9cit\u00e9, \u00e0:<br \/>\n1. Acc\u00e9dez \u00e0 vos donn\u00e9es personnelles<br \/>\n2. Rectifier les donn\u00e9es personnelles inexactes<br \/>\n3. Supprimer les donn\u00e9es personnelles<br \/>\n4. Restreindre le traitement des donn\u00e9es personnelles<br \/>\n5. Recevoir une notification en cas de rectification, annulation ou limitation des donn\u00e9es personnelles.<br \/>\n6. Portabilit\u00e9 des donn\u00e9es personnelles<br \/>\n7. Opposition au traitement des donn\u00e9es personnelles<br \/>\n8. En ce qui concerne les processus d\u00e9cisionnels automatis\u00e9s (\u00e9galement profilage):<br \/>\na) Obtenir l&rsquo;intervention humaine du propri\u00e9taire.<br \/>\nb) Exprimez votre opinion<br \/>\nc) Contester la d\u00e9cision.<\/p>\n<p><strong>7. Propri\u00e9taire et gestionnaire<\/strong><br \/>\nNous confirmons \u00e9galement que le Responsable du traitement est la Soci\u00e9t\u00e9 soussign\u00e9e, en la personne de son repr\u00e9sentant l\u00e9gal pro tempore, bas\u00e9 \u00e0 Via Romiglia, 2, 25050 Paderno Franciacorta (BS).<br \/>\nLe responsable du traitement des donn\u00e9es vous concernant, domicili\u00e9 pour cette mission au si\u00e8ge de la Soci\u00e9t\u00e9, est le Responsable des services informatiques qui peut \u00eatre contact\u00e9 par e-mail: info@scolarisrl.com<\/p>\n<p><strong>8. Comment Google utilise les donn\u00e9es<\/strong><br \/>\nNous tenons \u00e9galement \u00e0 vous informer que ce site utilise les technologies de Google pour am\u00e9liorer leur contenu et continuer \u00e0 les proposer gratuitement. Plus d&rsquo;informations disponibles sur le lien suivant:<a href=\"https:\/\/policies.google.com\/privacy\/partners?hl=it\" target=\"_blank\" rel=\"noopener\"> https:\/\/policies.google.com\/privacy\/partners?hl=it<\/a><\/p>\n<p><strong>9. Consentement au traitement<\/strong><br \/>\nEnfin, nous tenons \u00e0 vous informer que la fourniture de votre consentement au traitement des donn\u00e9es personnelles de la mani\u00e8re et aux fins d\u00e9crites ci-dessus est facultative. En cas de votre \/ votre refus de consentement, notre Soci\u00e9t\u00e9 ne pourra pas traiter vos \/ vos donn\u00e9es personnelles, mais les utiliser uniquement dans le respect des obligations \u00e9tablies par la loi ou d&rsquo;autres r\u00e9glementations existantes, avec les cons\u00e9quences \u00e9ventuelles d\u00e9crites au point 3 ci-dessus.<br \/>\nComme vous le savez \/ vous le savez, le r\u00e8glement (UE) 2016\/679 pr\u00e9voit que le traitement des donn\u00e9es personnelles est effectu\u00e9 avec le consentement de l&rsquo;int\u00e9ress\u00e9, \u00e0 l&rsquo;exception des cas d&rsquo;exclusion sp\u00e9cifiquement indiqu\u00e9s par la loi elle-m\u00eame. Pour cette raison, nous vous invitons \u00e0 remplir le formulaire de demande de consentement \u00e9lectronique comme preuve de r\u00e9ception des informations vis\u00e9es dans cette lettre d&rsquo;information, ainsi que comme expression de consentement au traitement des donn\u00e9es personnelles.<\/p>\n<\/div><\/div><style type=\"text\/css\">.fusion-body .fusion-builder-column-1{width:100% !important;margin-top : 0px;margin-bottom : 10px;}.fusion-builder-column-1 > .fusion-column-wrapper {padding-top : 0px !important;padding-right : 0px !important;margin-right : 1.92%;padding-bottom : 0px !important;padding-left : 0px !important;margin-left : 1.92%;}@media only screen and (max-width:1024px) {.fusion-body .fusion-builder-column-1{width:100% !important;order : 0;}.fusion-builder-column-1 > .fusion-column-wrapper {margin-right : 1.92%;margin-left : 1.92%;}}@media only screen and (max-width:640px) {.fusion-body .fusion-builder-column-1{width:100% !important;order : 0;}.fusion-builder-column-1 > .fusion-column-wrapper {margin-right : 1.92%;margin-left : 1.92%;}}<\/style><\/div><\/div><style type=\"text\/css\">.fusion-body .fusion-flex-container.fusion-builder-row-2{ padding-top : 2%;margin-top : 0px;padding-right : 0px;padding-bottom : 2%;margin-bottom : 5%;padding-left : 0px;}<\/style><\/div><\/p>\n","protected":false},"excerpt":{"rendered":"","protected":false},"author":1,"featured_media":0,"parent":0,"menu_order":0,"comment_status":"closed","ping_status":"closed","template":"","meta":{"_monsterinsights_skip_tracking":false,"_monsterinsights_sitenote_active":false,"_monsterinsights_sitenote_note":"","_monsterinsights_sitenote_category":0},"yoast_head":"<!-- This site is optimized with the Yoast SEO plugin v17.0 - https:\/\/yoast.com\/wordpress\/plugins\/seo\/ -->\n<title>Privacy Policy - Scolari srl<\/title>\n<meta name=\"robots\" content=\"index, follow, max-snippet:-1, max-image-preview:large, max-video-preview:-1\" \/>\n<link rel=\"canonical\" href=\"https:\/\/www.scolarisrl.com\/fr\/intimite\/\" \/>\n<meta property=\"og:locale\" content=\"fr_FR\" \/>\n<meta property=\"og:type\" content=\"article\" \/>\n<meta property=\"og:title\" content=\"Privacy Policy - Scolari srl\" \/>\n<meta property=\"og:url\" content=\"https:\/\/www.scolarisrl.com\/fr\/intimite\/\" \/>\n<meta property=\"og:site_name\" content=\"Scolari srl\" \/>\n<meta property=\"article:modified_time\" content=\"2023-03-20T13:07:45+00:00\" \/>\n<meta name=\"twitter:card\" content=\"summary_large_image\" \/>\n<meta name=\"twitter:label1\" content=\"Dur\u00e9e de lecture est.\" \/>\n\t<meta name=\"twitter:data1\" content=\"13 minutes\" \/>\n<script type=\"application\/ld+json\" class=\"yoast-schema-graph\">{\"@context\":\"https:\/\/schema.org\",\"@graph\":[{\"@type\":\"WebSite\",\"@id\":\"https:\/\/www.scolarisrl.com\/es\/#website\",\"url\":\"https:\/\/www.scolarisrl.com\/es\/\",\"name\":\"Scolari srl\",\"description\":\"Essiccatoi industriali e impianti di compostaggio\",\"potentialAction\":[{\"@type\":\"SearchAction\",\"target\":{\"@type\":\"EntryPoint\",\"urlTemplate\":\"https:\/\/www.scolarisrl.com\/es\/?s={search_term_string}\"},\"query-input\":\"required name=search_term_string\"}],\"inLanguage\":\"fr-FR\"},{\"@type\":\"WebPage\",\"@id\":\"https:\/\/www.scolarisrl.com\/fr\/intimite\/#webpage\",\"url\":\"https:\/\/www.scolarisrl.com\/fr\/intimite\/\",\"name\":\"Privacy Policy - Scolari srl\",\"isPartOf\":{\"@id\":\"https:\/\/www.scolarisrl.com\/es\/#website\"},\"datePublished\":\"2021-05-26T10:22:55+00:00\",\"dateModified\":\"2023-03-20T13:07:45+00:00\",\"breadcrumb\":{\"@id\":\"https:\/\/www.scolarisrl.com\/fr\/intimite\/#breadcrumb\"},\"inLanguage\":\"fr-FR\",\"potentialAction\":[{\"@type\":\"ReadAction\",\"target\":[\"https:\/\/www.scolarisrl.com\/fr\/intimite\/\"]}]},{\"@type\":\"BreadcrumbList\",\"@id\":\"https:\/\/www.scolarisrl.com\/fr\/intimite\/#breadcrumb\",\"itemListElement\":[{\"@type\":\"ListItem\",\"position\":1,\"name\":\"Home\",\"item\":\"https:\/\/www.scolarisrl.com\/fr\/\"},{\"@type\":\"ListItem\",\"position\":2,\"name\":\"Privacy Policy\"}]}]}<\/script>\n<!-- \/ Yoast SEO plugin. -->","yoast_head_json":{"title":"Privacy Policy - Scolari srl","robots":{"index":"index","follow":"follow","max-snippet":"max-snippet:-1","max-image-preview":"max-image-preview:large","max-video-preview":"max-video-preview:-1"},"canonical":"https:\/\/www.scolarisrl.com\/fr\/intimite\/","og_locale":"fr_FR","og_type":"article","og_title":"Privacy Policy - Scolari srl","og_url":"https:\/\/www.scolarisrl.com\/fr\/intimite\/","og_site_name":"Scolari srl","article_modified_time":"2023-03-20T13:07:45+00:00","twitter_card":"summary_large_image","twitter_misc":{"Dur\u00e9e de lecture est.":"13 minutes"},"schema":{"@context":"https:\/\/schema.org","@graph":[{"@type":"WebSite","@id":"https:\/\/www.scolarisrl.com\/es\/#website","url":"https:\/\/www.scolarisrl.com\/es\/","name":"Scolari srl","description":"Essiccatoi industriali e impianti di compostaggio","potentialAction":[{"@type":"SearchAction","target":{"@type":"EntryPoint","urlTemplate":"https:\/\/www.scolarisrl.com\/es\/?s={search_term_string}"},"query-input":"required name=search_term_string"}],"inLanguage":"fr-FR"},{"@type":"WebPage","@id":"https:\/\/www.scolarisrl.com\/fr\/intimite\/#webpage","url":"https:\/\/www.scolarisrl.com\/fr\/intimite\/","name":"Privacy Policy - Scolari srl","isPartOf":{"@id":"https:\/\/www.scolarisrl.com\/es\/#website"},"datePublished":"2021-05-26T10:22:55+00:00","dateModified":"2023-03-20T13:07:45+00:00","breadcrumb":{"@id":"https:\/\/www.scolarisrl.com\/fr\/intimite\/#breadcrumb"},"inLanguage":"fr-FR","potentialAction":[{"@type":"ReadAction","target":["https:\/\/www.scolarisrl.com\/fr\/intimite\/"]}]},{"@type":"BreadcrumbList","@id":"https:\/\/www.scolarisrl.com\/fr\/intimite\/#breadcrumb","itemListElement":[{"@type":"ListItem","position":1,"name":"Home","item":"https:\/\/www.scolarisrl.com\/fr\/"},{"@type":"ListItem","position":2,"name":"Privacy Policy"}]}]}},"_links":{"self":[{"href":"https:\/\/www.scolarisrl.com\/fr\/wp-json\/wp\/v2\/pages\/8846"}],"collection":[{"href":"https:\/\/www.scolarisrl.com\/fr\/wp-json\/wp\/v2\/pages"}],"about":[{"href":"https:\/\/www.scolarisrl.com\/fr\/wp-json\/wp\/v2\/types\/page"}],"author":[{"embeddable":true,"href":"https:\/\/www.scolarisrl.com\/fr\/wp-json\/wp\/v2\/users\/1"}],"replies":[{"embeddable":true,"href":"https:\/\/www.scolarisrl.com\/fr\/wp-json\/wp\/v2\/comments?post=8846"}],"version-history":[{"count":8,"href":"https:\/\/www.scolarisrl.com\/fr\/wp-json\/wp\/v2\/pages\/8846\/revisions"}],"predecessor-version":[{"id":13759,"href":"https:\/\/www.scolarisrl.com\/fr\/wp-json\/wp\/v2\/pages\/8846\/revisions\/13759"}],"wp:attachment":[{"href":"https:\/\/www.scolarisrl.com\/fr\/wp-json\/wp\/v2\/media?parent=8846"}],"curies":[{"name":"wp","href":"https:\/\/api.w.org\/{rel}","templated":true}]}}